{"id":9,"date":"2022-12-31T06:53:24","date_gmt":"2022-12-31T06:53:24","guid":{"rendered":"https:\/\/321kyrkorna.se\/?page_id=9"},"modified":"2023-11-29T19:22:34","modified_gmt":"2023-11-29T18:22:34","slug":"forsamlingarna","status":"publish","type":"page","link":"https:\/\/321kyrkorna.se\/?page_id=9","title":{"rendered":"F\u00f6rsamlingarna"},"content":{"rendered":"<p>V\u00e5ra fyra f\u00f6rsamlingar<\/p>\n\n\n<p><strong><a href=\"https:\/\/321kyrkorna.se\/?page_id=6\" data-type=\"page\" data-id=\"6\">Filadelfiaf\u00f6rsamlingen Hallen Oviken<\/a><\/strong><\/p>\n\n\n\n<p><strong><a href=\"https:\/\/321kyrkorna.se\/?page_id=17\" data-type=\"page\" data-id=\"17\">Ovikens Baptistf\u00f6rsamling<\/a><\/strong><\/p>\n\n\n\n<p><strong><a href=\"https:\/\/321kyrkorna.se\/?page_id=14\" data-type=\"page\" data-id=\"14\">Myssj\u00f6 Baptistf\u00f6rsamling<\/a><\/strong><\/p>\n\n\n\n<p><strong><a href=\"https:\/\/321kyrkorna.se\/?page_id=11\" data-type=\"page\" data-id=\"11\">Lock\u00e5sens Baptistf\u00f6rsamling<\/a><\/strong><\/p>\n","protected":false},"excerpt":{"rendered":"<p>V\u00e5ra fyra f\u00f6rsamlingar Filadelfiaf\u00f6rsamlingen Hallen Oviken Ovikens Baptistf\u00f6rsamling Myssj\u00f6 Baptistf\u00f6rsamling Lock\u00e5sens Baptistf\u00f6rsamling<\/p>\n","protected":false},"author":1,"featured_media":0,"parent":0,"menu_order":0,"comment_status":"closed","ping_status":"closed","template":"","meta":{"footnotes":""},"class_list":["post-9","page","type-page","status-publish","hentry","entry"],"jetpack_sharing_enabled":true,"_links":{"self":[{"href":"https:\/\/321kyrkorna.se\/index.php?rest_route=\/wp\/v2\/pages\/9","targetHints":{"allow":["GET"]}}],"collection":[{"href":"https:\/\/321kyrkorna.se\/index.php?rest_route=\/wp\/v2\/pages"}],"about":[{"href":"https:\/\/321kyrkorna.se\/index.php?rest_route=\/wp\/v2\/types\/page"}],"author":[{"embeddable":true,"href":"https:\/\/321kyrkorna.se\/index.php?rest_route=\/wp\/v2\/users\/1"}],"replies":[{"embeddable":true,"href":"https:\/\/321kyrkorna.se\/index.php?rest_route=%2Fwp%2Fv2%2Fcomments&post=9"}],"version-history":[{"count":4,"href":"https:\/\/321kyrkorna.se\/index.php?rest_route=\/wp\/v2\/pages\/9\/revisions"}],"predecessor-version":[{"id":511,"href":"https:\/\/321kyrkorna.se\/index.php?rest_route=\/wp\/v2\/pages\/9\/revisions\/511"}],"wp:attachment":[{"href":"https:\/\/321kyrkorna.se\/index.php?rest_route=%2Fwp%2Fv2%2Fmedia&parent=9"}],"curies":[{"name":"wp","href":"https:\/\/api.w.org\/{rel}","templated":true}]}}