{"id":6,"date":"2022-12-31T06:52:42","date_gmt":"2022-12-31T06:52:42","guid":{"rendered":"https:\/\/321kyrkorna.se\/?page_id=6"},"modified":"2026-01-23T11:38:29","modified_gmt":"2026-01-23T10:38:29","slug":"filadelfiaforsamlingen-hallen-oviken","status":"publish","type":"page","link":"https:\/\/321kyrkorna.se\/?page_id=6","title":{"rendered":"Filadelfiaf\u00f6rsamlingen Hallen &#8211; Oviken"},"content":{"rendered":"\n<p>Filadelfiaf\u00f6rsamlingen Hallen &#8211; Oviken<\/p>\n\n\n\n<p>Gud som har skapat allt det vackra i v\u00e5r v\u00e4rld har<br>i sin k\u00e4rlek omsorg \u00e4ven om oss m\u00e4nniskor. Det<br>\u00e4r den erfarenheten som vi vill dela med dig&#8230;Vi hoppas att du har m\u00f6jlighet att bes\u00f6ka n\u00e5gon av v\u00e5ra gudstj\u00e4nster eller n\u00e5gon annan av v\u00e5ra samlingar. Om du<br>har n\u00e5gra fr\u00e5gor s\u00e5 f\u00e5r du g\u00e4rna kontakta oss via telefon<br>eller e-post.<\/p>\n\n\n\n<h4 class=\"wp-block-heading\">M\u00f6tesplats Hallen<\/h4>\n\n\n\n<p>Filadelfia f\u00f6rsamlingen Hallen-Oviken har f\u00f6rv\u00e4rvat f.d. Allshoppen i Hallen f\u00f6r att skapa en ny m\u00f6tesplats, i f\u00f6rsta hand med inriktning till ungdomar. K\u00f6pet genomf\u00f6rdes i juni 2024 med ett stort st\u00f6d av f\u00f6rsamlingar och enskilda runt om i Sverige. F\u00f6rsamlingen k\u00e4nner stor tacksamhet f\u00f6r allt st\u00f6d. I februari 2025 fick vi byggnadsn\u00e4mndens beslut om att klassa byggnaden som samlingslokal. Vi har d\u00e4refter lagt mer och mer av v\u00e5r verksamhet i M\u00f6teshallen som vi valt att kalla lokalen.<\/p>\n\n\n\n<p><\/p>\n\n\n\n<p>.<\/p>\n\n\n\n<p>Postadress<br>C\/O B\u00f6rje Johansson<\/p>\n\n\n\n<p>H\u00f6la 284<br>84591 Hallen<\/p>\n\n\n\n<p>Bes\u00f6ksadress<\/p>\n\n\n\n<p>Hallenv\u00e4gen 35  84591Hallen<\/p>\n\n\n\n<p>Telefon<br>0643-230 36 (f\u00f6rest\u00e5ndare)<\/p>\n\n\n\n<p>Epost<br>borje.johansson.hola@gmail.com<\/p>\n\n\n\n<p>Vi h\u00e4lsar dig varmt v\u00e4lkommen till Filadelfia!<\/p>\n","protected":false},"excerpt":{"rendered":"<p>Filadelfiaf\u00f6rsamlingen Hallen &#8211; Oviken Gud som har skapat allt det vackra i v\u00e5r v\u00e4rld hari sin k\u00e4rlek omsorg \u00e4ven om oss m\u00e4nniskor. Det\u00e4r den erfarenheten som vi vill dela med &hellip; <\/p>\n<p class=\"link-more\"><a href=\"https:\/\/321kyrkorna.se\/?page_id=6\" class=\"more-link\">Forts\u00e4tt l\u00e4sa<span class=\"screen-reader-text\"> \u201dFiladelfiaf\u00f6rsamlingen Hallen &#8211; Oviken\u201d<\/span><\/a><\/p>\n","protected":false},"author":1,"featured_media":7,"parent":9,"menu_order":0,"comment_status":"closed","ping_status":"closed","template":"","meta":{"footnotes":""},"class_list":["post-6","page","type-page","status-publish","has-post-thumbnail","hentry","entry"],"jetpack_sharing_enabled":true,"_links":{"self":[{"href":"https:\/\/321kyrkorna.se\/index.php?rest_route=\/wp\/v2\/pages\/6","targetHints":{"allow":["GET"]}}],"collection":[{"href":"https:\/\/321kyrkorna.se\/index.php?rest_route=\/wp\/v2\/pages"}],"about":[{"href":"https:\/\/321kyrkorna.se\/index.php?rest_route=\/wp\/v2\/types\/page"}],"author":[{"embeddable":true,"href":"https:\/\/321kyrkorna.se\/index.php?rest_route=\/wp\/v2\/users\/1"}],"replies":[{"embeddable":true,"href":"https:\/\/321kyrkorna.se\/index.php?rest_route=%2Fwp%2Fv2%2Fcomments&post=6"}],"version-history":[{"count":8,"href":"https:\/\/321kyrkorna.se\/index.php?rest_route=\/wp\/v2\/pages\/6\/revisions"}],"predecessor-version":[{"id":1443,"href":"https:\/\/321kyrkorna.se\/index.php?rest_route=\/wp\/v2\/pages\/6\/revisions\/1443"}],"up":[{"embeddable":true,"href":"https:\/\/321kyrkorna.se\/index.php?rest_route=\/wp\/v2\/pages\/9"}],"wp:featuredmedia":[{"embeddable":true,"href":"https:\/\/321kyrkorna.se\/index.php?rest_route=\/wp\/v2\/media\/7"}],"wp:attachment":[{"href":"https:\/\/321kyrkorna.se\/index.php?rest_route=%2Fwp%2Fv2%2Fmedia&parent=6"}],"curies":[{"name":"wp","href":"https:\/\/api.w.org\/{rel}","templated":true}]}}