{"id":20,"date":"2022-12-31T07:00:08","date_gmt":"2022-12-31T07:00:08","guid":{"rendered":"https:\/\/321kyrkorna.se\/?page_id=20"},"modified":"2026-04-06T09:56:59","modified_gmt":"2026-04-06T07:56:59","slug":"kontakt","status":"publish","type":"page","link":"https:\/\/321kyrkorna.se\/?page_id=20","title":{"rendered":"Kontakt"},"content":{"rendered":"<h1>Vi vill prata med dig<\/h1>\n<p>V\u00e5r f\u00f6rsamling best\u00e5r av en massa olika m\u00e4nniskor. N\u00e5gra av oss har f\u00f6rm\u00e5nen att \u00e4gna merparten av v\u00e5ra dagar till att leda och s\u00e4tta en viss struktur i denna gemenskap av m\u00e4nniskor. Nedan hittar du adressen till platsen du kan hitta oss dagtid och \u00e4ven telefonnummer och e-postadress. Vi vill g\u00e4rna prata med dig!<\/p>\n<h2>Filadelfiaf\u00f6rsamlingen Hallen &#8211; Oviken<\/h2>\n<div class=\"objectContactInfoItems\">\n<div class=\"objectContactInfoItem\">\n<h3>B\u00f6rje\u00a0Johansson\u00a0F\u00f6rest\u00e5ndare<\/h3>\n<p>0643-230 36<br \/>\n<a href=\"mailto:borje.johansson.hola@gmail.com\">borje.johansson.hola@gmail.com<\/a><\/p>\n<\/div>\n<\/div>\n<h2>Lock\u00e5sens Baptistf\u00f6rsamling<\/h2>\n<div class=\"objectContactInfoItems\">\n<div class=\"objectContactInfoItem\">\n<h3>Petra\u00a0N\u00e4s\u00a0Ordf\u00f6rande<\/h3>\n<p>070-4759542<br \/>\n<a href=\"mailto:petra.k.nas@gmail.com\">petra.k.nas@gmail.com<\/a><\/p>\n<\/div>\n<\/div>\n<h2>Ovikens Baptistf\u00f6rsamling<\/h2>\n<div class=\"objectContactInfoItems\">\n<div class=\"objectContactInfoItem\">\n<h3>Magnus Eriksson Ordf\u00f6rande<\/h3>\n<p>070-677 77 80<br \/>\n<a href=\"mailto:magnus.eriksson@kikok.se\">magnus.eriksson58@icloud.com<\/a><\/p>\n<\/div>\n<\/div>\n<h2>Myssj\u00f6 Baptistf\u00f6rsamling<\/h2>\n<div class=\"objectContactInfoItems\">\n<div class=\"objectContactInfoItem\">\n<h3>Egon\u00a0Tiren<\/h3>\n<p>070-268 66 35<br \/>\n<a href=\"mailto:egon.tiren@gmail.com\">egon.tiren@gmail.com<\/a><\/p>\n<\/div>\n<\/div>\n","protected":false},"excerpt":{"rendered":"<p>Vi vill prata med dig V\u00e5r f\u00f6rsamling best\u00e5r av en massa olika m\u00e4nniskor. N\u00e5gra av oss har f\u00f6rm\u00e5nen att \u00e4gna merparten av v\u00e5ra dagar till att leda och s\u00e4tta en &hellip; <\/p>\n<p class=\"link-more\"><a href=\"https:\/\/321kyrkorna.se\/?page_id=20\" class=\"more-link\">Forts\u00e4tt l\u00e4sa<span class=\"screen-reader-text\"> \u201dKontakt\u201d<\/span><\/a><\/p>\n","protected":false},"author":1,"featured_media":0,"parent":0,"menu_order":0,"comment_status":"closed","ping_status":"closed","template":"","meta":{"footnotes":""},"class_list":["post-20","page","type-page","status-publish","hentry","entry"],"jetpack_sharing_enabled":true,"_links":{"self":[{"href":"https:\/\/321kyrkorna.se\/index.php?rest_route=\/wp\/v2\/pages\/20","targetHints":{"allow":["GET"]}}],"collection":[{"href":"https:\/\/321kyrkorna.se\/index.php?rest_route=\/wp\/v2\/pages"}],"about":[{"href":"https:\/\/321kyrkorna.se\/index.php?rest_route=\/wp\/v2\/types\/page"}],"author":[{"embeddable":true,"href":"https:\/\/321kyrkorna.se\/index.php?rest_route=\/wp\/v2\/users\/1"}],"replies":[{"embeddable":true,"href":"https:\/\/321kyrkorna.se\/index.php?rest_route=%2Fwp%2Fv2%2Fcomments&post=20"}],"version-history":[{"count":3,"href":"https:\/\/321kyrkorna.se\/index.php?rest_route=\/wp\/v2\/pages\/20\/revisions"}],"predecessor-version":[{"id":1493,"href":"https:\/\/321kyrkorna.se\/index.php?rest_route=\/wp\/v2\/pages\/20\/revisions\/1493"}],"wp:attachment":[{"href":"https:\/\/321kyrkorna.se\/index.php?rest_route=%2Fwp%2Fv2%2Fmedia&parent=20"}],"curies":[{"name":"wp","href":"https:\/\/api.w.org\/{rel}","templated":true}]}}