{"id":17,"date":"2022-12-31T06:59:05","date_gmt":"2022-12-31T06:59:05","guid":{"rendered":"https:\/\/321kyrkorna.se\/?page_id=17"},"modified":"2022-12-31T06:59:05","modified_gmt":"2022-12-31T06:59:05","slug":"ovikens-baptistforsamling","status":"publish","type":"page","link":"https:\/\/321kyrkorna.se\/?page_id=17","title":{"rendered":"Ovikens Baptistf\u00f6rsamling"},"content":{"rendered":"<p>Hundsh\u00f6gen Oviksfj\u00e4llen<\/p>\n<p>Jag ser upp emot bergen: varifr\u00e5n ska jag f\u00e5 hj\u00e4lp? Hj\u00e4lpen kommer fr\u00e5n Herren, som har gjort himmel och jord.<\/p>\n<p>Ps 121:1-2<\/p>\n<p>Vi vill att Salemkapellet ska vara en m\u00f6tesplats f\u00f6r m\u00e4nniskor i alla \u00e5ldrar. Oavsett vem du \u00e4r \u00e4r du alltid v\u00e4lkommen att bes\u00f6ka oss.<\/p>\n<p>V\u00e4lkommen till Salemkapellet!<\/p>\n<p>Bes\u00f6ksadress<br \/>\nSalemkapellet, Jox\u00e5sen 490 Oviken<br \/>\n<a title=\"Salemkapellet Karta\" href=\"http:\/\/kartor.eniro.se\/m\/aFBKi\" target=\"_blank\" rel=\"noopener\">Visa p\u00e5 karta<\/a><\/p>\n","protected":false},"excerpt":{"rendered":"<p>Hundsh\u00f6gen Oviksfj\u00e4llen Jag ser upp emot bergen: varifr\u00e5n ska jag f\u00e5 hj\u00e4lp? Hj\u00e4lpen kommer fr\u00e5n Herren, som har gjort himmel och jord. Ps 121:1-2 Vi vill att Salemkapellet ska vara &hellip; <\/p>\n<p class=\"link-more\"><a href=\"https:\/\/321kyrkorna.se\/?page_id=17\" class=\"more-link\">Forts\u00e4tt l\u00e4sa<span class=\"screen-reader-text\"> \u201dOvikens Baptistf\u00f6rsamling\u201d<\/span><\/a><\/p>\n","protected":false},"author":1,"featured_media":18,"parent":9,"menu_order":0,"comment_status":"closed","ping_status":"closed","template":"","meta":{"footnotes":""},"class_list":["post-17","page","type-page","status-publish","has-post-thumbnail","hentry","entry"],"jetpack_sharing_enabled":true,"_links":{"self":[{"href":"https:\/\/321kyrkorna.se\/index.php?rest_route=\/wp\/v2\/pages\/17","targetHints":{"allow":["GET"]}}],"collection":[{"href":"https:\/\/321kyrkorna.se\/index.php?rest_route=\/wp\/v2\/pages"}],"about":[{"href":"https:\/\/321kyrkorna.se\/index.php?rest_route=\/wp\/v2\/types\/page"}],"author":[{"embeddable":true,"href":"https:\/\/321kyrkorna.se\/index.php?rest_route=\/wp\/v2\/users\/1"}],"replies":[{"embeddable":true,"href":"https:\/\/321kyrkorna.se\/index.php?rest_route=%2Fwp%2Fv2%2Fcomments&post=17"}],"version-history":[{"count":1,"href":"https:\/\/321kyrkorna.se\/index.php?rest_route=\/wp\/v2\/pages\/17\/revisions"}],"predecessor-version":[{"id":19,"href":"https:\/\/321kyrkorna.se\/index.php?rest_route=\/wp\/v2\/pages\/17\/revisions\/19"}],"up":[{"embeddable":true,"href":"https:\/\/321kyrkorna.se\/index.php?rest_route=\/wp\/v2\/pages\/9"}],"wp:featuredmedia":[{"embeddable":true,"href":"https:\/\/321kyrkorna.se\/index.php?rest_route=\/wp\/v2\/media\/18"}],"wp:attachment":[{"href":"https:\/\/321kyrkorna.se\/index.php?rest_route=%2Fwp%2Fv2%2Fmedia&parent=17"}],"curies":[{"name":"wp","href":"https:\/\/api.w.org\/{rel}","templated":true}]}}