{"id":14,"date":"2022-12-31T06:56:59","date_gmt":"2022-12-31T06:56:59","guid":{"rendered":"https:\/\/321kyrkorna.se\/?page_id=14"},"modified":"2026-02-28T15:19:06","modified_gmt":"2026-02-28T14:19:06","slug":"myssjo-baptistforsamling","status":"publish","type":"page","link":"https:\/\/321kyrkorna.se\/?page_id=14","title":{"rendered":"Myssj\u00f6 Baptistf\u00f6rsamling"},"content":{"rendered":"<p>Myssj\u00f6 Baptistf\u00f6rsamling<br \/>Equmeniakyrkan<\/p>\n<p>Postadress<br \/>c\/o Anders Sifverdal<\/p>\n<p>Norrg\u00e5rden 357<\/p>\n<p>845 73 Oviken<\/p>\n<p>Bes\u00f6ksadress<br \/>Betel, K\u00f6vra 386, 845 72 Oviken<\/p>\n<p>Telefon<br \/>070-268 66 35<\/p>\n<p>Epost<br \/>anders.silfverdal@gmail.com<\/p>\n\n\n<p><\/p>\n","protected":false},"excerpt":{"rendered":"<p>Myssj\u00f6 Baptistf\u00f6rsamlingEqumeniakyrkan Postadressc\/o Anders Sifverdal Norrg\u00e5rden 357 845 73 Oviken Bes\u00f6ksadressBetel, K\u00f6vra 386, 845 72 Oviken Telefon070-268 66 35 Epostanders.silfverdal@gmail.com<\/p>\n","protected":false},"author":1,"featured_media":15,"parent":9,"menu_order":0,"comment_status":"closed","ping_status":"closed","template":"","meta":{"footnotes":""},"class_list":["post-14","page","type-page","status-publish","has-post-thumbnail","hentry","entry"],"jetpack_sharing_enabled":true,"_links":{"self":[{"href":"https:\/\/321kyrkorna.se\/index.php?rest_route=\/wp\/v2\/pages\/14","targetHints":{"allow":["GET"]}}],"collection":[{"href":"https:\/\/321kyrkorna.se\/index.php?rest_route=\/wp\/v2\/pages"}],"about":[{"href":"https:\/\/321kyrkorna.se\/index.php?rest_route=\/wp\/v2\/types\/page"}],"author":[{"embeddable":true,"href":"https:\/\/321kyrkorna.se\/index.php?rest_route=\/wp\/v2\/users\/1"}],"replies":[{"embeddable":true,"href":"https:\/\/321kyrkorna.se\/index.php?rest_route=%2Fwp%2Fv2%2Fcomments&post=14"}],"version-history":[{"count":3,"href":"https:\/\/321kyrkorna.se\/index.php?rest_route=\/wp\/v2\/pages\/14\/revisions"}],"predecessor-version":[{"id":1458,"href":"https:\/\/321kyrkorna.se\/index.php?rest_route=\/wp\/v2\/pages\/14\/revisions\/1458"}],"up":[{"embeddable":true,"href":"https:\/\/321kyrkorna.se\/index.php?rest_route=\/wp\/v2\/pages\/9"}],"wp:featuredmedia":[{"embeddable":true,"href":"https:\/\/321kyrkorna.se\/index.php?rest_route=\/wp\/v2\/media\/15"}],"wp:attachment":[{"href":"https:\/\/321kyrkorna.se\/index.php?rest_route=%2Fwp%2Fv2%2Fmedia&parent=14"}],"curies":[{"name":"wp","href":"https:\/\/api.w.org\/{rel}","templated":true}]}}