{"id":11,"date":"2022-12-31T06:54:59","date_gmt":"2022-12-31T06:54:59","guid":{"rendered":"https:\/\/321kyrkorna.se\/?page_id=11"},"modified":"2023-11-29T19:36:38","modified_gmt":"2023-11-29T18:36:38","slug":"lockasens-baptistforsamling","status":"publish","type":"page","link":"https:\/\/321kyrkorna.se\/?page_id=11","title":{"rendered":"Lock\u00e5sens Baptistf\u00f6rsamling"},"content":{"rendered":"<p>Jesus svarade: &#8221;Jag \u00e4r livets br\u00f6d.Den som kommer till mig skall aldrig hungra, och den som tror p\u00e5 mig skall aldrig t\u00f6rsta.&#8221;<\/p>\n<p>( Joh 6:35 )<\/p>\n<p>V\u00e4lkommen att bes\u00f6ka oss! Vi har i regel b\u00f6nem\u00f6te i kapellet en kv\u00e4ll i veckan. Gudstj\u00e4nst med predikan har vi oftast en g\u00e5ng i m\u00e5naden, ibland musikkaf\u00e9 eller en dagtr\u00e4ff. Vi vill vara en m\u00f6tesplats f\u00f6r Dig som s\u00f6ker en kristen gemenskap eller som undrar vad kristen gemenskap kan inneb\u00e4ra. Kom och se och lyssna!<\/p>\n<p>V\u00e4lkommen till Elimkapellet i Lock\u00e5sen!<\/p>\n<p>Bes\u00f6ksadress: Lock\u00e5sen 740, 845 72 Oviken<\/p>\n<p>Postadress: c\/o Petra N\u00e4s, Svens\u00e5sen 150, 845 73 Oviken<\/p>\n<p>Telefon: 070-475 95 82 (f\u00f6rest\u00e5ndare)<\/p>\n<p>e-post: petra.k.nas@gmail.com<\/p>\n","protected":false},"excerpt":{"rendered":"<p>Jesus svarade: &#8221;Jag \u00e4r livets br\u00f6d.Den som kommer till mig skall aldrig hungra, och den som tror p\u00e5 mig skall aldrig t\u00f6rsta.&#8221; ( Joh 6:35 ) V\u00e4lkommen att bes\u00f6ka oss! &hellip; <\/p>\n<p class=\"link-more\"><a href=\"https:\/\/321kyrkorna.se\/?page_id=11\" class=\"more-link\">Forts\u00e4tt l\u00e4sa<span class=\"screen-reader-text\"> \u201dLock\u00e5sens Baptistf\u00f6rsamling\u201d<\/span><\/a><\/p>\n","protected":false},"author":1,"featured_media":12,"parent":9,"menu_order":0,"comment_status":"closed","ping_status":"closed","template":"","meta":{"footnotes":""},"class_list":["post-11","page","type-page","status-publish","has-post-thumbnail","hentry","entry"],"jetpack_sharing_enabled":true,"_links":{"self":[{"href":"https:\/\/321kyrkorna.se\/index.php?rest_route=\/wp\/v2\/pages\/11","targetHints":{"allow":["GET"]}}],"collection":[{"href":"https:\/\/321kyrkorna.se\/index.php?rest_route=\/wp\/v2\/pages"}],"about":[{"href":"https:\/\/321kyrkorna.se\/index.php?rest_route=\/wp\/v2\/types\/page"}],"author":[{"embeddable":true,"href":"https:\/\/321kyrkorna.se\/index.php?rest_route=\/wp\/v2\/users\/1"}],"replies":[{"embeddable":true,"href":"https:\/\/321kyrkorna.se\/index.php?rest_route=%2Fwp%2Fv2%2Fcomments&post=11"}],"version-history":[{"count":4,"href":"https:\/\/321kyrkorna.se\/index.php?rest_route=\/wp\/v2\/pages\/11\/revisions"}],"predecessor-version":[{"id":520,"href":"https:\/\/321kyrkorna.se\/index.php?rest_route=\/wp\/v2\/pages\/11\/revisions\/520"}],"up":[{"embeddable":true,"href":"https:\/\/321kyrkorna.se\/index.php?rest_route=\/wp\/v2\/pages\/9"}],"wp:featuredmedia":[{"embeddable":true,"href":"https:\/\/321kyrkorna.se\/index.php?rest_route=\/wp\/v2\/media\/12"}],"wp:attachment":[{"href":"https:\/\/321kyrkorna.se\/index.php?rest_route=%2Fwp%2Fv2%2Fmedia&parent=11"}],"curies":[{"name":"wp","href":"https:\/\/api.w.org\/{rel}","templated":true}]}}